{"id":11,"date":"2011-06-25T11:55:05","date_gmt":"2011-06-25T09:55:05","guid":{"rendered":"http:\/\/www.frikulum.at\/de\/?page_id=11"},"modified":"2016-01-15T09:41:20","modified_gmt":"2016-01-15T08:41:20","slug":"der-verein","status":"publish","type":"page","link":"https:\/\/www.frikulum.at\/de\/der-verein","title":{"rendered":"Der Verein"},"content":{"rendered":"<h2>\u00dcber uns<\/h2>\n<p>Frikulum versteht sich als Plattform f\u00fcr initiative Leute, die  Veranstaltungen und Projekte verwirklichen wollen, die etwas abseits des  lokalen und regionalen Mainstreams liegen. Frikulum versucht jene  Felder abzudecken, die sonst in der Region nicht existieren w\u00fcrden.<\/p>\n<p>Das ganze Jahr \u00fcber gibt es Konzerte mit \u00f6sterreichischen und  internationalen Bands. Die bekannteste Veranstaltung ist das<a title=\"www.seewiesenfest.at\" href=\"http:\/\/www.seewiesenfest.at\"> <strong> Seewiesenfest<\/strong><\/a>, ein sommerliches Open Air Fest<del>ival<\/del> mit internationalen, nationalen und regionalen Acts. Frikulum versucht  in seinem Musik-Programm den Bogen zu spannen von Elektronik bis hin zu  klassisch formierten Bands.<\/p>\n<p>Ebenso wie Musik befinden sich im Programm Film\/Video, Literatur  und Theater (in Eigenproduktion und Gastspiel). Zudem besteht eine  Kooperation mit der Theatergruppe Patamar in Mozambique, Afrika, wo  einige gemeinsame Veranstaltungen durchgef\u00fchrt worden sind.<\/p>\n<h2>Der Name<\/h2>\n<p>Der Name steht f\u00fcr &#8222;unabh\u00e4ngige Initiative f\u00fcr Frieden, Kultur  und  Umwelt&#8220;. Das in den Statuten festgelegte Vereinsziel ist die  Mitarbeit  an einer friedlichen und kulturell vielf\u00e4ltigen Welt, die im  Einklang  mit der Umwelt steht. Demgem\u00e4\u00df wird versucht, diese drei  Prinzipien  auch in der t\u00e4glichen Kulturarbeit zu ber\u00fccksichtigen.<\/p>\n<h2>Fr\u00fcher &#8211; Jetzt<\/h2>\n<p>Frikulum existiert seit 1986 als sich ver\u00e4ndernde und auf den   gesellschaftlichen Wandel reagierende Gruppierung. In der Anfangsphase   stand das Thema &#8222;Umwelt&#8220; im Zentrum der T\u00e4tigkeit. Nachdem dieser   Bereich sukzessive von anderen lokalen Gruppierungen abgedeckt worden   ist, verschob sich der Schwerpunkt in Richtung &#8222;Kultur&#8220;. Homebase ist   das s\u00fcdliche Ennstal und Veranstaltungsort ist meistens das   selbstverwaltete Veranstaltungszentrum Bertholdsaal in Weyer.<\/p>\n<h2>Einige Highlights<\/h2>\n<h3>Seewiesenfest<\/h3>\n<p>u.a. mit FM Belfast, Kreisky, The Hidden Cameras, Ebony Bones, Metronomy, Fiva, Saul Williams, IamX, Broken  Social Scene, Stars, Nada Surf, Naked Lunch, Wir sind Helden, Jeans  Team, Deichkind, Tomte, Chokebore, H.P. Zinker &#8230;<br \/>\n<a href=\"http:\/\/www.seewiesenfest.at\/was-bisher-geschah.php\" target=\"_blank\">Weitere Highlights<\/a><\/p>\n\n\n<div class=\"ngg-galleryoverview ngg-slideshow\"\n\t id=\"ngg-slideshow-8e17b6f603bb06d1df21cbccac3daa57-480937580\"\n     data-gallery-id=\"8e17b6f603bb06d1df21cbccac3daa57\"\n     style=\"max-width: 600px; max-height: 450px;\">\n\n \t<div id=\"ngg-image-0\" class=\"ngg-gallery-slideshow-image\" style=\"height:450px\">\n\n        <a href=\"https:\/\/www.frikulum.at\/de\/sys\/wp-content\/gallery\/verein\/ebony-bones.jpg\"\n           title=\"\"\n           data-src=\"https:\/\/www.frikulum.at\/de\/sys\/wp-content\/gallery\/verein\/ebony-bones.jpg\"\n           data-thumbnail=\"https:\/\/www.frikulum.at\/de\/sys\/wp-content\/gallery\/verein\/thumbs\/thumbs_ebony-bones.jpg\"\n           data-image-id=\"1169\"\n           data-title=\"Ebony Bones\"\n           data-description=\"\"\n           class=\"ngg-simplelightbox\" rel=\"8e17b6f603bb06d1df21cbccac3daa57\">\n\n            <img data-image-id='1169'\n                 title=\"\"\n                 alt=\"Ebony Bones\"\n                 src=\"https:\/\/www.frikulum.at\/de\/sys\/wp-content\/gallery\/verein\/ebony-bones.jpg\"\n                 style=\"max-height: 430px;\"\/>\n        <\/a>\n\n        <\/div> \n<div id=\"ngg-image-1\" class=\"ngg-gallery-slideshow-image\" style=\"height:450px\">\n\n        <a href=\"https:\/\/www.frikulum.at\/de\/sys\/wp-content\/gallery\/verein\/fm-belfast.jpg\"\n           title=\"\"\n           data-src=\"https:\/\/www.frikulum.at\/de\/sys\/wp-content\/gallery\/verein\/fm-belfast.jpg\"\n           data-thumbnail=\"https:\/\/www.frikulum.at\/de\/sys\/wp-content\/gallery\/verein\/thumbs\/thumbs_fm-belfast.jpg\"\n           data-image-id=\"1170\"\n           data-title=\"FM Belfast\"\n           data-description=\"\"\n           class=\"ngg-simplelightbox\" rel=\"8e17b6f603bb06d1df21cbccac3daa57\">\n\n            <img data-image-id='1170'\n                 title=\"\"\n                 alt=\"FM Belfast\"\n                 src=\"https:\/\/www.frikulum.at\/de\/sys\/wp-content\/gallery\/verein\/fm-belfast.jpg\"\n                 style=\"max-height: 430px;\"\/>\n        <\/a>\n\n        <\/div> \n<div id=\"ngg-image-2\" class=\"ngg-gallery-slideshow-image\" style=\"height:450px\">\n\n        <a href=\"https:\/\/www.frikulum.at\/de\/sys\/wp-content\/gallery\/verein\/hidden-cameras.jpg\"\n           title=\"\"\n           data-src=\"https:\/\/www.frikulum.at\/de\/sys\/wp-content\/gallery\/verein\/hidden-cameras.jpg\"\n           data-thumbnail=\"https:\/\/www.frikulum.at\/de\/sys\/wp-content\/gallery\/verein\/thumbs\/thumbs_hidden-cameras.jpg\"\n           data-image-id=\"1171\"\n           data-title=\"Hidden Cameras\"\n           data-description=\"\"\n           class=\"ngg-simplelightbox\" rel=\"8e17b6f603bb06d1df21cbccac3daa57\">\n\n            <img data-image-id='1171'\n                 title=\"\"\n                 alt=\"Hidden Cameras\"\n                 src=\"https:\/\/www.frikulum.at\/de\/sys\/wp-content\/gallery\/verein\/hidden-cameras.jpg\"\n                 style=\"max-height: 430px;\"\/>\n        <\/a>\n\n        <\/div> \n<div id=\"ngg-image-3\" class=\"ngg-gallery-slideshow-image\" style=\"height:450px\">\n\n        <a href=\"https:\/\/www.frikulum.at\/de\/sys\/wp-content\/gallery\/verein\/poetry-slam.jpg\"\n           title=\"\"\n           data-src=\"https:\/\/www.frikulum.at\/de\/sys\/wp-content\/gallery\/verein\/poetry-slam.jpg\"\n           data-thumbnail=\"https:\/\/www.frikulum.at\/de\/sys\/wp-content\/gallery\/verein\/thumbs\/thumbs_poetry-slam.jpg\"\n           data-image-id=\"1172\"\n           data-title=\"Poetry Slam\"\n           data-description=\"\"\n           class=\"ngg-simplelightbox\" rel=\"8e17b6f603bb06d1df21cbccac3daa57\">\n\n            <img data-image-id='1172'\n                 title=\"\"\n                 alt=\"Poetry Slam\"\n                 src=\"https:\/\/www.frikulum.at\/de\/sys\/wp-content\/gallery\/verein\/poetry-slam.jpg\"\n                 style=\"max-height: 430px;\"\/>\n        <\/a>\n\n        <\/div> \n<\/div>\n\n\n\n\n<h3>Konzerte<\/h3>\n<p>u.a. Still Flyin&#8216;, Destroy Munich, Oliver Welter, Sir Tralala &amp; The Golden Glanders, Angelika Express, Nova  International, Florian Horwarth, Dawa, The Miserable Rich, Fuzzman &#8230;<br \/>\n<a href=\"http:\/\/www.frikulum.at\/de\/veranstaltungen\">Weitere Highlights<\/a><\/p>\n<h3>Theater<\/h3>\n<p>u.a. &#8222;Die Abenteuer von Zatsch, Ratsch und Muxelmil&#8220;, &#8222;Mein Kampf&#8220;, &#8222;Kasperl am elektrischen Stuhl&#8220;, &#8222;Carla&#8217;s Jazzmobile&#8220;, &#8230;<br \/>\n<a href=\"..\/..\/veranstaltungen\">Weitere Highlights<\/a><\/p>\n<h3>Lesungen &amp; Kabarett<\/h3>\n<p>Austrofred, maschek, Franz Zeller, Klaus Werner-Lobo, FM4 Lesereise, &#8230;<br \/>\n<a href=\"..\/..\/veranstaltungen\">Weitere Highlights<\/a><\/p>\n<h3>Sonstiges<\/h3>\n<p>Bachs\u00e4uberung, Lange Nacht des Kurzen Films, Beteiligung am &#8222;Festival do Chiveve&#8220; &#8211; Theaterfestival in Beira, Mozambique, &#8230;<br \/>\n<a href=\"..\/..\/veranstaltungen\">Weitere Highlights<\/a><\/p>\n","protected":false},"excerpt":{"rendered":"<p>\u00dcber uns Frikulum versteht sich als Plattform f\u00fcr initiative Leute, die Veranstaltungen und Projekte verwirklichen wollen, die etwas abseits des lokalen und regionalen Mainstreams liegen. Frikulum versucht jene Felder abzudecken, die sonst in der Region nicht existieren w\u00fcrden. Das ganze &hellip; <a href=\"https:\/\/www.frikulum.at\/de\/der-verein\">Weiterlesen <span class=\"meta-nav\">&rarr;<\/span><\/a><\/p>\n","protected":false},"author":3,"featured_media":0,"parent":0,"menu_order":20,"comment_status":"closed","ping_status":"closed","template":"","meta":{"ngg_post_thumbnail":0},"aioseo_notices":[],"_links":{"self":[{"href":"https:\/\/www.frikulum.at\/de\/wp-json\/wp\/v2\/pages\/11"}],"collection":[{"href":"https:\/\/www.frikulum.at\/de\/wp-json\/wp\/v2\/pages"}],"about":[{"href":"https:\/\/www.frikulum.at\/de\/wp-json\/wp\/v2\/types\/page"}],"author":[{"embeddable":true,"href":"https:\/\/www.frikulum.at\/de\/wp-json\/wp\/v2\/users\/3"}],"replies":[{"embeddable":true,"href":"https:\/\/www.frikulum.at\/de\/wp-json\/wp\/v2\/comments?post=11"}],"version-history":[{"count":3,"href":"https:\/\/www.frikulum.at\/de\/wp-json\/wp\/v2\/pages\/11\/revisions"}],"predecessor-version":[{"id":2909,"href":"https:\/\/www.frikulum.at\/de\/wp-json\/wp\/v2\/pages\/11\/revisions\/2909"}],"wp:attachment":[{"href":"https:\/\/www.frikulum.at\/de\/wp-json\/wp\/v2\/media?parent=11"}],"curies":[{"name":"wp","href":"https:\/\/api.w.org\/{rel}","templated":true}]}}