{"id":110,"date":"2011-08-30T20:24:47","date_gmt":"2011-08-30T18:24:47","guid":{"rendered":"http:\/\/www.frikulum.at\/de\/?page_id=110"},"modified":"2022-09-29T21:22:41","modified_gmt":"2022-09-29T19:22:41","slug":"frikulum-mitglied-werden","status":"publish","type":"page","link":"https:\/\/www.frikulum.at\/de\/frikulum-mitglied-werden","title":{"rendered":"Frikulum Mitglied werden"},"content":{"rendered":"<h2>&#8222;Als Mitglied bei Frikulum gibst du unserer Initiative ein Gesicht und eine laute Stimme.&#8220;<\/h2>\n<h3>Frikulum Mitglieder &#8230;<\/h3>\n<ul>\n<li>bezahlen f\u00fcr jede Veranstaltung den erm\u00e4\u00dfigten Eintrittspreis *<\/li>\n<li>nehmen an Goodies-Verlosungen teil<\/li>\n<li>decken mit dem Mitgliedsbeitrag einen Teil der Kosten f\u00fcr das laufende Programm<\/li>\n<\/ul>\n<p>* ausgenommen: Seewiesenfest<\/p>\n<h3>Mitgliedsbeitrag &#8230;<\/h3>\n<ul>\n<li>\u20ac 30,- f\u00fcr VerdienerInnen<\/li>\n<li>\u20ac 15,- f\u00fcr NichtverdienerInnen<\/li>\n<\/ul>\n<h3>Dauer der Mitgliedschaft<\/h3>\n<p>Die Mitgliedschaft erstreckt sich \u00fcber ein Kalenderjahr.<\/p>\n<h2><span style=\"color: #000000; font-size: 1.4em; line-height: 1.5em;\">S0 geht&#8217;s &#8230;<\/span><\/h2>\n<p class=\"special\">F\u00fclle untenstehendes Formular aus. \u00dcberweise  bitte den Mitgliedsbeitrag an die Bankverbindung, die unten angezeigt wird.  Sobald das Geld unserem Konto gutgeschrieben wird, bist du  Frikulum-Mitglied.<\/p>\n<p class=\"special\">Leider gibt es gerade technische Probleme mit dem Formular, bitte wende dich an <a href=\"mailto:kassier@frikulum.at\">kassier@frikulum.at<\/a> mit Namen, Anschrift, Geburtsdatum sowie ob du Verdiener oder Nichtverdiener bist.<br \/>\nDer Mitgliedsbetrag (30\u20ac) ist f\u00fcr Nichtverdiener reduziert (15\u20ac). Bitte \u00fcberweise den Mitgliedsbeitrag (nicht Steuerzahler Euro \u20ac15 \/ Steuerzahler Euro \u20ac30) auf unser Konto.<br \/>\nBankverbindung:<br \/>\nRAIBA Weyer<br \/>\nIBAN: AT18 3474 7000 0000 4648<br \/>\nBIC: RZOOAT2L747<br \/>\nZAHLUNGSREFERENZ: Mitgliedsbeitrag 2022 *Dein Name*.<\/p>\n<!DOCTYPE html><html><head><meta charset='UTF-8' \/><\/head><body class='GF_AJAX_POSTBACK'><p class=\"gform_not_found\">Oops! Wir konnten dein Formular nicht lokalisieren.<\/p><\/body><\/html>\n","protected":false},"excerpt":{"rendered":"<p>&#8222;Als Mitglied bei Frikulum gibst du unserer Initiative ein Gesicht und eine laute Stimme.&#8220; Frikulum Mitglieder &#8230; bezahlen f\u00fcr jede Veranstaltung den erm\u00e4\u00dfigten Eintrittspreis * nehmen an Goodies-Verlosungen teil decken mit dem Mitgliedsbeitrag einen Teil der Kosten f\u00fcr das laufende &hellip; <a href=\"https:\/\/www.frikulum.at\/de\/frikulum-mitglied-werden\">Weiterlesen <span class=\"meta-nav\">&rarr;<\/span><\/a><\/p>\n","protected":false},"author":3,"featured_media":0,"parent":0,"menu_order":5,"comment_status":"closed","ping_status":"closed","template":"","meta":{"ngg_post_thumbnail":0},"aioseo_notices":[],"_links":{"self":[{"href":"https:\/\/www.frikulum.at\/de\/wp-json\/wp\/v2\/pages\/110"}],"collection":[{"href":"https:\/\/www.frikulum.at\/de\/wp-json\/wp\/v2\/pages"}],"about":[{"href":"https:\/\/www.frikulum.at\/de\/wp-json\/wp\/v2\/types\/page"}],"author":[{"embeddable":true,"href":"https:\/\/www.frikulum.at\/de\/wp-json\/wp\/v2\/users\/3"}],"replies":[{"embeddable":true,"href":"https:\/\/www.frikulum.at\/de\/wp-json\/wp\/v2\/comments?post=110"}],"version-history":[{"count":3,"href":"https:\/\/www.frikulum.at\/de\/wp-json\/wp\/v2\/pages\/110\/revisions"}],"predecessor-version":[{"id":4069,"href":"https:\/\/www.frikulum.at\/de\/wp-json\/wp\/v2\/pages\/110\/revisions\/4069"}],"wp:attachment":[{"href":"https:\/\/www.frikulum.at\/de\/wp-json\/wp\/v2\/media?parent=110"}],"curies":[{"name":"wp","href":"https:\/\/api.w.org\/{rel}","templated":true}]}}