{"id":15,"date":"2011-06-25T11:55:57","date_gmt":"2011-06-25T09:55:57","guid":{"rendered":"http:\/\/www.frikulum.at\/de\/?page_id=15"},"modified":"2024-05-22T19:41:10","modified_gmt":"2024-05-22T17:41:10","slug":"kontakt","status":"publish","type":"page","link":"https:\/\/www.frikulum.at\/de\/kontakt","title":{"rendered":"Kontakt"},"content":{"rendered":"<h3>Vereinsadresse<\/h3>\n<p>Kulturverein FRIKULUM,<br \/>\nOberer Kirchenweg 6,<br \/>\n3335 Weyer<\/p>\n<p>W\u00fcnsche, Lob, Kritik und Beschwerden richte bitte an <a href=\"mailto:info@frikulum.at\">info@frikulum.at<\/a><\/p>\n<h3>Homebase<\/h3>\n<p>Bertholdsaal Weyer,<br \/>\nOberer Kirchenweg 6,<br \/>\n3335 Weyer<\/p>\n<p><strong>Der Bertholdsaal ist mit dem Fahrrad oder zu Fu\u00df gut erreichbar. 10 Minuten Fu\u00dfweg vom Bahnhof<\/strong><\/p>\n<div id=\"frik-gmap\"><div id=\"canvas_BR3nth\" class = \"gmsc\" style=\"width:640px; height:400px; float:left; margin:0px;\"><\/div><script type=\"text\/javascript\">\nvar map_points_canvas_BR3nth =  new Array();\nmap_points_canvas_BR3nth[0] = \n{\"address\":\"\",\n\"lat\":\"47.856317842130544\",\n\"lng\":\"14.663237035274506\",\n\"info\":\"<div style='margin:0; padding:0px; height:125px; width:auto; overflow:hidden; font-size:11px; clear:both; line-height:13px;'><div style='float:left; width:200px'><a class='title' href='https:\/\/www.frikulum.at\/de\/kontakt' style='clear:both; display:block; font-size:12px; line-height: 18px; font-weight:bold;'>Bertholdsaal<\/a><div><strong style='font-size:9px'><\/strong><\/div><div style='font-size:10px'>Oberer Kirchenweg,3335 Weyer<\/div><a href='https:\/\/www.frikulum.at\/de\/kontakt' style='font-size:11px; float:left; display:block'>more \u00bb<\/a><img src='http:\/\/www.frikulum.at\/de\/sys\/wp-content\/plugins\/google-map-shortcode\/images\/open.jpg' style='float: right; margin-right:5px'\/> <a href='http:\/\/maps.google.com\/?q=' target='_blank' style='font-size:11px; float: right; display:block;'>Open Map<\/a><\/div><div style='float:left'><a title='https:\/\/www.frikulum.at\/de\/kontakt' href='https:\/\/www.frikulum.at\/de\/kontakt'><\/div><\/a><\/div>\",\n\"cat\":\"\",\n\"icon\":\"http:\/\/www.frikulum.at\/de\/sys\/wp-content\/plugins\/google-map-shortcode\/images\/icons\/marker.png\"};\nvar options_canvas_BR3nth = {\n'mapID':'map_canvas_BR3nth',\n'zoom':16,\n'markers':map_points_canvas_BR3nth,\n'mapContainer':'canvas_BR3nth',\n'focusType':'center',\n'type':'ROADMAP',\n'focusPoint':0,\n'animateMarkers':true,\n'interval':'5000'\n};\nvar map_canvas_BR3nth = new gmshc.Map(options_canvas_BR3nth);\nvar trigger_canvas_BR3nth = function(){map_canvas_BR3nth.init()};\ngmshc.addLoadEvent(trigger_canvas_BR3nth);\n<\/script>\n<\/div>\n<h3>Datenschutz<\/h3>\n<p><small>Diese Website benutzt Google Analytics, einen Webanalysedienst der Google Inc. (&#8222;Google&#8220;) Google Analytics verwendet sog. &#8222;Cookies&#8220;, Textdateien, die auf Ihrem Computer gespeichert werden und die eine Analyse der Benutzung der Website durch Sie erm\u00f6glicht. Die durch den Cookie erzeugten Informationen \u00fcber Ihre Benutzung diese Website (einschlie\u00dflich Ihrer IP-Adresse) wird an einen Server von Google in den USA \u00fcbertragen und dort gespeichert. Google wird diese Informationen benutzen, um Ihre Nutzung der Website auszuwerten, um Reports \u00fcber die Websiteaktivit\u00e4ten f\u00fcr die Websitebetreiber zusammenzustellen und um weitere mit der Websitenutzung und der Internetnutzung verbundene Dienstleistungen zu erbringen. Auch wird Google diese Informationen   gegebenenfalls an Dritte \u00fcbertragen, sofern dies gesetzlich vorgeschrieben oder soweit Dritte diese Daten im Auftrag von Google   verarbeiten. Google wird in keinem Fall Ihre IP-Adresse mit anderen Daten der Google in Verbindung bringen. Sie k\u00f6nnen die Installation der Cookies durch eine entsprechende Einstellung Ihrer Browser Software verhindern; wir weisen Sie jedoch darauf hin, dass Sie in diesem Fall gegebenenfalls nicht s\u00e4mtliche Funktionen dieser Website voll umf\u00e4nglich nutzen k\u00f6nnen. Durch die Nutzung dieser Website erkl\u00e4ren Sie sich mit der Bearbeitung der \u00fcber Sie erhobenen Daten durch Google in der zuvor beschriebenen Art und Weise und zu dem zuvor benannten Zweck einverstanden.<\/small><\/p>\n","protected":false},"excerpt":{"rendered":"<p>Vereinsadresse Kulturverein FRIKULUM, Oberer Kirchenweg 6, 3335 Weyer W\u00fcnsche, Lob, Kritik und Beschwerden richte bitte an info@frikulum.at Homebase Bertholdsaal Weyer, Oberer Kirchenweg 6, 3335 Weyer Der Bertholdsaal ist mit dem Fahrrad oder zu Fu\u00df gut erreichbar. 10 Minuten Fu\u00dfweg vom &hellip; <a href=\"https:\/\/www.frikulum.at\/de\/kontakt\">Weiterlesen <span class=\"meta-nav\">&rarr;<\/span><\/a><\/p>\n","protected":false},"author":3,"featured_media":0,"parent":0,"menu_order":100,"comment_status":"closed","ping_status":"closed","template":"","meta":{"ngg_post_thumbnail":0},"aioseo_notices":[],"_links":{"self":[{"href":"https:\/\/www.frikulum.at\/de\/wp-json\/wp\/v2\/pages\/15"}],"collection":[{"href":"https:\/\/www.frikulum.at\/de\/wp-json\/wp\/v2\/pages"}],"about":[{"href":"https:\/\/www.frikulum.at\/de\/wp-json\/wp\/v2\/types\/page"}],"author":[{"embeddable":true,"href":"https:\/\/www.frikulum.at\/de\/wp-json\/wp\/v2\/users\/3"}],"replies":[{"embeddable":true,"href":"https:\/\/www.frikulum.at\/de\/wp-json\/wp\/v2\/comments?post=15"}],"version-history":[{"count":2,"href":"https:\/\/www.frikulum.at\/de\/wp-json\/wp\/v2\/pages\/15\/revisions"}],"predecessor-version":[{"id":4471,"href":"https:\/\/www.frikulum.at\/de\/wp-json\/wp\/v2\/pages\/15\/revisions\/4471"}],"wp:attachment":[{"href":"https:\/\/www.frikulum.at\/de\/wp-json\/wp\/v2\/media?parent=15"}],"curies":[{"name":"wp","href":"https:\/\/api.w.org\/{rel}","templated":true}]}}